{"id":197,"date":"2011-12-22T03:07:50","date_gmt":"2011-12-22T06:07:50","guid":{"rendered":"http:\/\/www.bpcruzeiros.com\/?page_id=197"},"modified":"2011-12-22T03:07:50","modified_gmt":"2011-12-22T06:07:50","slug":"cruzeiros-em-agosto","status":"publish","type":"page","link":"https:\/\/bpcruzeiros.com\/novo\/cruzeiros-em-agosto\/","title":{"rendered":"Cruzeiros em agosto"},"content":{"rendered":"<p>&nbsp;<\/p>\n<p>&nbsp;<\/p>\n<p>&nbsp;<\/p>\n<p><span style=\"font-size: xx-large; font-family: tahoma, arial, helvetica, sans-serif; color: #2667ba;\">Cruzeiros promocionais come\u00e7am a surgir no final do m\u00eas de agosto<\/span><\/p>\n<p>&nbsp;<\/p>\n<p>&nbsp;<\/p>\n<p>&nbsp;<\/p>\n<p style=\"text-align: justify;\"><span style=\"font-family: tahoma, arial, helvetica, sans-serif; font-size: medium; color: #3c3c3e;\">Viagens navio cruzeiros em agosto est\u00e3o no <strong>meio da temporada dos destinos do hemisf\u00e9rio norte<\/strong>. O <strong>clima continua quente<\/strong> e prop\u00edcio para quem n\u00e3o quer bater queixo e \u201cmorrer de frio\u201d. Deixando para viajar cruzeiro no final do m\u00eas&#8230; o frio pode te peg\u00e1 pra valer. Eis os destinos: Alaska, \u00c1rtico, Canad\u00e1\/Nova Inglaterra, Ilhas Brit\u00e2nicas, cruzeiros norte da Europa, Mar Negro, Mar Mediterr\u00e2neo.<\/span><\/p>\n<p style=\"text-align: justify;\"><span style=\"font-family: tahoma, arial, helvetica, sans-serif; font-size: medium; color: #3c3c3e;\"><br \/>\n<\/span><\/p>\n<p style=\"text-align: justify;\"><span style=\"font-family: tahoma, arial, helvetica, sans-serif; font-size: medium; color: #3c3c3e;\"><br \/>\n<\/span><\/p>\n<p style=\"text-align: justify;\"><span style=\"font-family: tahoma, arial, helvetica, sans-serif; font-size: medium; color: #3c3c3e;\"><br \/>\n<\/span><\/p>\n<p style=\"text-align: justify;\"><span style=\"font-family: tahoma, arial, helvetica, sans-serif; font-size: medium; color: #3c3c3e;\">Lembre-se: durante todo o ano h\u00e1 cruzeiro Caribe, Cruzeiro Riviera Mexicana, Cruzeiro Canal do Panam\u00e1, cruzeiros maritimos Mediterr\u00e2neo, \u00c1sia, Canal de Suez, Gal\u00e1pagos e cruzeiros no arquip\u00e9lago do Hava\u00ed.<\/span><\/p>\n<p>&nbsp;<\/p>\n<p>&nbsp;<\/p>\n<p>&nbsp;<\/p>\n<p><span style=\"font-family: tahoma, arial, helvetica, sans-serif; font-size: medium; color: #2667ba;\"><strong>Mapa Cruzeiros Europa<\/strong><\/span><\/p>\n<div><span style=\"font-family: tahoma, arial, helvetica, sans-serif; font-size: medium; color: #3a3f3b;\"><b><a href=\"http:\/\/www.bpcruzeiros.com\/cruzeirosmaritimos\/wp-content\/uploads\/2011\/12\/Europa-Vertical2.jpg\"><span style=\"color: #3a3f3b;\"><img fetchpriority=\"high\" decoding=\"async\" src=\"http:\/\/www.bpcruzeiros.com\/cruzeirosmaritimos\/wp-content\/uploads\/2011\/12\/Europa-Vertical2.jpg\" alt=\"\" title=\"Mapa Cruzeiros Europa, Guia de Cruzeiros Maritimos, PubliFolha, Bernardo Porfirio - 2007\" width=\"664\" height=\"982\" \/><\/span><\/a><br \/>\n<\/b><\/span><\/div>\n<div><span style=\"font-family: tahoma, arial, helvetica, sans-serif; font-size: medium; color: #3a3f3b;\"><b><br \/>\n<\/b><\/span><\/div>\n<div><span style=\"font-family: tahoma, arial, helvetica, sans-serif; font-size: medium; color: #3a3f3b;\"><b><br \/>\n<\/b><\/span><\/div>\n<div><span style=\"font-family: tahoma, arial, helvetica, sans-serif; font-size: medium; color: #3a3f3b;\"><b><br \/>\n<\/b><\/span><\/div>\n<div><span style=\"font-family: tahoma, arial, helvetica, sans-serif; font-size: medium; color: #3a3f3b;\"><b><br \/>\n<\/b><\/span><\/div>\n<div><span style=\"font-family: tahoma, arial, helvetica, sans-serif; font-size: medium; color: #3a3f3b;\"><b><br \/>\n<\/b><\/span><\/div>\n<div><span style=\"font-family: tahoma, arial, helvetica, sans-serif; font-size: medium; color: #2667ba;\"><b>Mapa Cruzeiros Alaska<\/b><\/span><\/div>\n<div><span style=\"font-family: tahoma, arial, helvetica, sans-serif; font-size: medium; color: #3a3f3b;\"><b><br \/>\n<\/b><\/span><\/div>\n<p><span style=\"font-family: tahoma, arial, helvetica, sans-serif; font-size: medium; color: #3a3f3b;\"><strong><a href=\"http:\/\/www.bpcruzeiros.com\/cruzeirosmaritimos\/wp-content\/uploads\/2011\/12\/Mapa-Alaska1.jpg\"><span style=\"color: #3a3f3b;\"><img decoding=\"async\" src=\"http:\/\/www.bpcruzeiros.com\/cruzeirosmaritimos\/wp-content\/uploads\/2011\/12\/Mapa-Alaska1.jpg\" title=\"Mapa Cruzeiros Alaska, Guia de Cruzeiros Maritimos, PubliFolha, Bernardo Porfirio - 2007.\" width=\"662\" height=\"734\" \/><\/span><\/a><\/strong><\/span><\/p>\n<p>&nbsp;<\/p>\n<p>&nbsp;<\/p>\n<p><span style=\"font-family: tahoma, arial, helvetica, sans-serif; font-size: medium; color: #2667ba;\"><strong>Mapa Cruzeiros Artico<\/strong><\/span><\/p>\n<p><span style=\"font-family: tahoma, arial, helvetica, sans-serif; font-size: medium; color: #3a3f3b;\"><strong><a href=\"http:\/\/www.bpcruzeiros.com\/cruzeirosmaritimos\/wp-content\/uploads\/2011\/12\/Artico.jpg\"><span style=\"color: #3a3f3b;\"><img decoding=\"async\" src=\"http:\/\/www.bpcruzeiros.com\/cruzeirosmaritimos\/wp-content\/uploads\/2011\/12\/Artico-795x1024.jpg\" alt=\"\" title=\"Mapa Cruzeiros Artico, Guia de Cruzeiros Maritimos, PubliFolha, Bernardo Porfirio - 2007.\" width=\"640\" height=\"824\" \/><\/span><\/a><br \/>\n<\/strong><\/span><\/p>\n<p>&nbsp;<\/p>\n<p><span style=\"font-family: tahoma, arial, helvetica, sans-serif; font-size: medium; color: #2667ba;\"><strong>Mapa Cruzeiros Canad\u00e1 e Nova Inglaterra<\/strong><\/span><\/p>\n<p><span style=\"font-family: tahoma, arial, helvetica, sans-serif; font-size: medium; color: #3a3f3b;\"><a href=\"http:\/\/www.bpcruzeiros.com\/cruzeirosmaritimos\/wp-content\/uploads\/2011\/12\/Canada-Nova-Inglaterra.jpg\"><span style=\"color: #3a3f3b;\"><img loading=\"lazy\" decoding=\"async\" src=\"http:\/\/www.bpcruzeiros.com\/cruzeirosmaritimos\/wp-content\/uploads\/2011\/12\/Canada-Nova-Inglaterra-1024x1016.jpg\" alt=\"\" title=\"Mapa Cruzeiros Canad\u00e1 e Nova Inglaterra, Guia de Cruzeiros Maritimos, PubliFolha, Bernardo Porfirio - 2007.\" width=\"640\" height=\"635\" \/><\/span><\/a><\/span><\/p>\n<p>&nbsp;<\/p>\n<p>&nbsp;<\/p>\n<p>&nbsp;<\/p>\n<p>&nbsp;<\/p>\n<p>&nbsp;<\/p>\n<p><span style=\"font-family: tahoma, arial, helvetica, sans-serif; font-size: medium; color: #3a3f3b;\">________________________________________________________________________<\/span><\/p>\n<p><span style=\"font-family: tahoma, arial, helvetica, sans-serif; font-size: medium; color: #3a3f3b;\"><b><br \/>\n<\/b><\/span><\/p>\n<table border=\"0\">\n<tbody>\n<tr>\n<td><span style=\"font-family: tahoma, arial, helvetica, sans-serif; font-size: medium; color: #3a3f3b;\"><img loading=\"lazy\" decoding=\"async\" src=\"http:\/\/www.bpcruzeiros.com\/cruzeirosmaritimos\/wp-content\/uploads\/2011\/12\/41182_10150259921910724_603070723_14517202_1989289_n1.jpg\" title=\"Cruzeiro Carnaval Porfirio Cruzeiros\" width=\"73\" height=\"94\" \/><\/span><\/td>\n<td><span style=\"font-family: tahoma, arial, helvetica, sans-serif; color: #3a3f3b; font-size: small;\"><strong>Bernardo Porf\u00edrio<\/strong>\u00a0\u00e9 especialista em cruzeiros mar\u00edtimos, trabalhou a bordo de navios cruzeiros por sete anos em diversas armadoras pelo mundo. Escreveu o Guia de Cruzeiros Mar\u00edtimos da PubliFolha e do Guia de Portos do Brasil CBMM. Editor do site para tripulantes\u00a0<a href=\"http:\/\/www.crewgoes.com\/\"><span style=\"color: #3a3f3b;\">www.crewgoes.com<\/span><\/a>\u00a0e s\u00f3cio propriet\u00e1rio da Porf\u00edrio Cruzeiros. Contato:<em>bernardo@bpcruzeiros.com<\/em><\/span><\/td>\n<\/tr>\n<\/tbody>\n<\/table>\n<p><span style=\"font-family: tahoma, arial, helvetica, sans-serif; font-size: medium; color: #3a3f3b;\"><b><br \/>\n<\/b><\/span><\/p>\n<p><span style=\"font-family: tahoma, arial, helvetica, sans-serif; font-size: medium; color: #3a3f3b;\"><strong>\u00a0<\/strong><\/span><\/p>\n","protected":false},"excerpt":{"rendered":"<p>&nbsp; &nbsp; &nbsp; Cruzeiros promocionais come\u00e7am a surgir no final do m\u00eas de agosto &nbsp; &nbsp; &nbsp; Viagens navio cruzeiros em agosto est\u00e3o no meio da temporada dos destinos do hemisf\u00e9rio norte. O clima continua quente e prop\u00edcio para quem n\u00e3o quer bater queixo e \u201cmorrer de frio\u201d. Deixando para viajar cruzeiro no final do [&hellip;]<\/p>\n","protected":false},"author":2,"featured_media":0,"parent":0,"menu_order":0,"comment_status":"open","ping_status":"open","template":"","meta":{"footnotes":""},"_links":{"self":[{"href":"https:\/\/bpcruzeiros.com\/novo\/wp-json\/wp\/v2\/pages\/197"}],"collection":[{"href":"https:\/\/bpcruzeiros.com\/novo\/wp-json\/wp\/v2\/pages"}],"about":[{"href":"https:\/\/bpcruzeiros.com\/novo\/wp-json\/wp\/v2\/types\/page"}],"author":[{"embeddable":true,"href":"https:\/\/bpcruzeiros.com\/novo\/wp-json\/wp\/v2\/users\/2"}],"replies":[{"embeddable":true,"href":"https:\/\/bpcruzeiros.com\/novo\/wp-json\/wp\/v2\/comments?post=197"}],"version-history":[{"count":0,"href":"https:\/\/bpcruzeiros.com\/novo\/wp-json\/wp\/v2\/pages\/197\/revisions"}],"wp:attachment":[{"href":"https:\/\/bpcruzeiros.com\/novo\/wp-json\/wp\/v2\/media?parent=197"}],"curies":[{"name":"wp","href":"https:\/\/api.w.org\/{rel}","templated":true}]}}