{"id":145554,"date":"2023-10-22T00:29:16","date_gmt":"2023-10-22T00:29:16","guid":{"rendered":"https:\/\/bpcruzeiros.com\/?page_id=145554"},"modified":"2023-11-29T02:11:53","modified_gmt":"2023-11-29T02:11:53","slug":"dicas","status":"publish","type":"page","link":"https:\/\/bpcruzeiros.com\/novo\/dicas\/","title":{"rendered":"Dicas"},"content":{"rendered":"<div class=\"wpb-content-wrapper\"><p>[vc_row][vc_column][vc_column_text]Como escolher, comprar, tarifas, taxas, promo\u00e7\u00f5es, cabines, pagamentos, inclusos, malas, enjoo, documenta\u00e7\u00e3o, claustrof\u00f3bicos e muito mais sobre os Cruzeiros Mar\u00edtimos.[\/vc_column_text][bpc_slider_posts posts_per_page=&#8221;50&#8243; parent_category=&#8221;dicas-cruzeiros-maritimos&#8221; el_class=&#8221;bpc-slider-posts&#8221;][\/vc_column][\/vc_row][vc_row][vc_column][vc_empty_space height=&#8221;50px&#8221;][vc_column_text]<\/p>\n<h3>DEPOIMENTOS<\/h3>\n<p>[\/vc_column_text][bpc_depoimentos][\/vc_column][\/vc_row][vc_row][vc_column][\/vc_column][\/vc_row]<\/p>\n<\/div>","protected":false},"excerpt":{"rendered":"<p>[vc_row][vc_column][vc_column_text]Como escolher, comprar, tarifas, taxas, promo\u00e7\u00f5es, cabines, pagamentos, inclusos, malas, enjoo, documenta\u00e7\u00e3o, claustrof\u00f3bicos e muito mais sobre os Cruzeiros Mar\u00edtimos.[\/vc_column_text][bpc_slider_posts posts_per_page=&#8221;50&#8243; parent_category=&#8221;dicas-cruzeiros-maritimos&#8221; el_class=&#8221;bpc-slider-posts&#8221;][\/vc_column][\/vc_row][vc_row][vc_column][vc_empty_space height=&#8221;50px&#8221;][vc_column_text] DEPOIMENTOS [\/vc_column_text][bpc_depoimentos][\/vc_column][\/vc_row][vc_row][vc_column][\/vc_column][\/vc_row]<\/p>\n","protected":false},"author":2,"featured_media":0,"parent":0,"menu_order":0,"comment_status":"closed","ping_status":"closed","template":"page-padrao.php","meta":{"footnotes":""},"_links":{"self":[{"href":"https:\/\/bpcruzeiros.com\/novo\/wp-json\/wp\/v2\/pages\/145554"}],"collection":[{"href":"https:\/\/bpcruzeiros.com\/novo\/wp-json\/wp\/v2\/pages"}],"about":[{"href":"https:\/\/bpcruzeiros.com\/novo\/wp-json\/wp\/v2\/types\/page"}],"author":[{"embeddable":true,"href":"https:\/\/bpcruzeiros.com\/novo\/wp-json\/wp\/v2\/users\/2"}],"replies":[{"embeddable":true,"href":"https:\/\/bpcruzeiros.com\/novo\/wp-json\/wp\/v2\/comments?post=145554"}],"version-history":[{"count":0,"href":"https:\/\/bpcruzeiros.com\/novo\/wp-json\/wp\/v2\/pages\/145554\/revisions"}],"wp:attachment":[{"href":"https:\/\/bpcruzeiros.com\/novo\/wp-json\/wp\/v2\/media?parent=145554"}],"curies":[{"name":"wp","href":"https:\/\/api.w.org\/{rel}","templated":true}]}}