{"id":125,"date":"2011-12-20T09:57:01","date_gmt":"2011-12-20T12:57:01","guid":{"rendered":"http:\/\/www.bpcruzeiros.com\/?page_id=125"},"modified":"2011-12-20T09:57:01","modified_gmt":"2011-12-20T12:57:01","slug":"cruzeiros-nordeste","status":"publish","type":"page","link":"https:\/\/bpcruzeiros.com\/novo\/cruzeiros-nordeste\/","title":{"rendered":"Cruzeiros Nordeste"},"content":{"rendered":"<p style=\"text-align: justify;\">\n<p style=\"text-align: justify;\"><span style=\"font-family: tahoma, arial, helvetica, sans-serif; font-size: xx-large; color: #2667ba;\">Pacote cruzeiros de 5 dias para Noronha, ou de 7 a mais dias saindo de Santos <\/span><\/p>\n<p style=\"text-align: justify;\"><span style=\"color: #514f54; font-family: tahoma, arial, helvetica, sans-serif; font-size: medium;\">Trata-se de uma regi\u00e3o onde todo <strong>brasileiro deseja visitar<\/strong>\u00a0 mas fica sempre na <strong>d\u00favida de qual cidade escolher<\/strong>! E este \u00e9 o momento em que os <strong>cruzeiros nordeste<\/strong> &#8220;vestem como uma luva&#8221;, porque oferecem a <strong>possibilidade<\/strong> de <strong>conhecer entre duas a tr\u00eas localidades<\/strong> em uma s\u00f3 viagem.<\/span><\/p>\n<p style=\"text-align: justify;\"><span style=\"color: #514f54; font-family: tahoma, arial, helvetica, sans-serif; font-size: medium;\">O nordeste \u00e9 a <strong>primeira regi\u00e3o a receber os navios<\/strong> dos cruzeiros 2012 (cruzeiros para o Brasil) e, consequentemente a \u00faltima visitada pelas embarca\u00e7\u00f5es rumo a Europa. Os <strong>principais portos emissores<\/strong> de cruzeiros s\u00e3o: Rio de Janeiro, Santos, Recife, Natal, Fortaleza (esses tr\u00eas \u00faltimos mais explorados pelo Ocean Dream), e por \u00faltimo Salvador (com poucas sa\u00eddas de cruzeiros nordeste; grande parte s\u00e3o para o sudeste e sul do Brasi).<\/span><\/p>\n<p style=\"text-align: justify;\"><span style=\"color: #514f54; font-family: tahoma, arial, helvetica, sans-serif; font-size: medium;\"><a href=\"http:\/\/www.bpcruzeiros.com\/cruzeirosmaritimos\/wp-content\/uploads\/2011\/12\/DSC01174.jpg\"><img fetchpriority=\"high\" decoding=\"async\" src=\"http:\/\/www.bpcruzeiros.com\/cruzeirosmaritimos\/wp-content\/uploads\/2011\/12\/DSC01174-1024x768.jpg\" alt=\"\" title=\"Renda Fil\u00e9 de Macei\u00f3, por Bernardo Porfirio\" width=\"640\" height=\"480\" class=\"aligncenter size-large wp-image-795\" \/><\/a><\/span><\/p>\n<p style=\"text-align: justify;\"><span style=\"color: #514f54; font-family: tahoma, arial, helvetica, sans-serif; font-size: medium;\">Lembrando que, os que t\u00eam <strong>sa\u00edda de Natal, Recife e Fortaleza<\/strong> <strong>passam<\/strong> em grande parte por <strong>F. de Noronha<\/strong>, todos com pernoite na ilha. Esses pacotes de cruzeiros saem por aproximadamente $1.000 d\u00f3lares, (j\u00e1 vi por $789).<\/span><\/p>\n<p style=\"text-align: justify;\"><span style=\"color: #514f54; font-family: tahoma, arial, helvetica, sans-serif; font-size: medium;\">Cruzeiros de mais de <strong>sete dias t\u00eam sa\u00edda de Santos e do Rio de Janeiro<\/strong>. Cruzeiros mar\u00edtimos <strong>de p\u00fablico estrangeiro<\/strong> como Seabourn, Oceania, Fred. Olsen, Azamara e Holland Am\u00e9rica, <strong>tamb\u00e9m passam pelo nordeste<\/strong> brasileiro.<\/span><\/p>\n<p style=\"text-align: justify;\"><span style=\"color: #514f54; font-family: tahoma, arial, helvetica, sans-serif; font-size: medium;\">Os <span style=\"color: #3c3c3e;\"><strong>mini cruzeiros nordestinos<\/strong> resumem-se aos de <strong>cinco dias<\/strong> para <strong>Fernando de Noronha<\/strong> e <strong>dois a quatro dias entre Recife, Natal e Fortaleza<\/strong><\/span>; contudo, n\u00e3o t\u00e3o \u201cfesteiros\u201d como os de sa\u00edda de Santos e do Rio. Embora sejam <strong><i>all inclusive <\/i><\/strong>(verifique antes). Nos cruzeiros nordeste n\u00e3o h\u00e1 tanta oferta de cruzeiros tem\u00e1ticos como no sul e sudeste.<\/span><\/p>\n<p style=\"text-align: justify;\"><span style=\"color: #514f54; font-family: tahoma, arial, helvetica, sans-serif; font-size: medium;\"><a href=\"http:\/\/www.bpcruzeiros.com\/cruzeirosmaritimos\/wp-content\/uploads\/2011\/12\/DSC09620.jpg\"><img decoding=\"async\" src=\"http:\/\/www.bpcruzeiros.com\/cruzeirosmaritimos\/wp-content\/uploads\/2011\/12\/DSC09620-1024x768.jpg\" alt=\"\" title=\"Porto de F. de Noronha com navio i\u00e7ado ao fundo da foto. Por Bernardo Porfirio\" width=\"640\" height=\"480\" class=\"aligncenter size-large wp-image-794\" \/><\/a><\/span><\/p>\n<p style=\"text-align: justify;\"><span style=\"color: #514f54; font-family: tahoma, arial, helvetica, sans-serif; font-size: medium;\">Dentre os portos nordestinos: Ilh\u00e9us, Salvador, Recife, Macei\u00f3, Natal, F. de Noronha e Fortaleza, destaque para a<strong> rica gastronomia de todos eles<\/strong>. Os pontos altos s\u00e3o as praias e o artesanato local. \u00c9 festa, na regi\u00e3o das lindas \u00e1guas mornas do nosso Brasil!\u00a0<\/span><b style=\"color: #514f54; font-family: tahoma, arial, helvetica, sans-serif; font-size: medium;\">\u00a0<\/b><\/p>\n<p style=\"text-align: justify;\"><span style=\"font-family: tahoma, arial, helvetica, sans-serif; font-size: medium; color: #2667ba;\"><b>Dicas Cruzeiro<\/b><\/span><\/p>\n<p style=\"text-align: justify;\"><span style=\"color: #514f54; font-family: tahoma, arial, helvetica, sans-serif; font-size: medium;\">Nem precisa dizer muito, <strong>usufrua de roupas leves<\/strong>, chinelo, sand\u00e1lia, protetor solar e desfrute da gastronomia do nordeste. \u00c9 uma regi\u00e3o linda! Digna de uma passagem por l\u00e1. A <strong>melhor maneira de fazer um cruzeiro nordeste s\u00e3o os de mais de sete dias<\/strong> com sa\u00edda de Santos e Rio de Janeiro. Os com sa\u00edda de Salvador v\u00e3o para o sudeste. <strong>N\u00e3o se importando<\/strong> em pegar um voo, <strong>fa\u00e7a mini cruzeiros de cinco dias<\/strong> de Recife ou Natal <strong>para Fernando de Noronha<\/strong>.<\/span><\/p>\n<p style=\"text-align: justify;\"><span size=\"3\" style=\"font-size: small;\"><br \/>\n<\/span><\/p>\n<table border=\"0\">\n<tbody>\n<tr>\n<td><\/td>\n<td style=\"text-align: justify;\"><span style=\"font-family: tahoma, arial, helvetica, sans-serif; font-size: medium; color: #454749;\"><span style=\"font-family: tahoma, arial, helvetica, sans-serif; font-size: medium; color: #454749;\"><b><\/b><\/span><\/span><span style=\"color: #2667ba;\"><strong><span style=\"font-family: tahoma, arial, helvetica, sans-serif; font-size: medium;\"><br \/>\n<\/span><\/strong><\/span><span style=\"color: #2667ba;\"><strong><span style=\"font-family: tahoma, arial, helvetica, sans-serif; font-size: medium;\">Promo\u00e7\u00e3o Cruzeiro Mar\u00edtimo<br \/>\n<\/span><\/strong><\/span><span style=\"font-family: tahoma, arial, helvetica, sans-serif; font-size: medium; color: #373738;\">Uma excelente pedida seria cruzeiros de aproximadamente\u00a0<strong>$111\/dia<\/strong>.<\/span><span style=\"color: #2667ba;\"><strong><span style=\"font-family: tahoma, arial, helvetica, sans-serif; font-size: medium;\"><br \/>\n<\/span><\/strong><\/span><span style=\"color: #2667ba;\"><strong><span style=\"font-family: tahoma, arial, helvetica, sans-serif; font-size: medium;\"><br \/>\n<\/span><\/strong><\/span><span style=\"color: #2667ba;\"><strong><span style=\"font-family: tahoma, arial, helvetica, sans-serif; font-size: medium;\"><br \/>\nQuanto Custa um Cruzeiro<\/span><\/strong><\/span><br \/>\n<span style=\"font-family: tahoma, arial, helvetica, sans-serif; font-size: medium; color: #454749;\">Cruzeiros nordeste<b>\u00a0<\/b>come\u00e7am\u00a0<strong>a partir de $117 a di\u00e1ria<\/strong>.\u00a0<strong>Para Fernando de Noronha, $157\/dia<\/strong>.<b>\u00a0<\/b>Lembre-se, o valor do cruzeiro varia em fun\u00e7\u00e3o das taxas portu\u00e1rias, per\u00edodo, temporada, tipo de cabine, cia mar\u00edtima e data de compra.<b><\/b><\/span><span style=\"font-family: tahoma, arial, helvetica, sans-serif; font-size: medium; color: #454749;\"><b>\u00a0<\/b><\/span><span style=\"font-family: tahoma, arial, helvetica, sans-serif; font-size: medium; color: #454749;\"><b><br \/>\n<\/b><\/span><span style=\"font-family: tahoma, arial, helvetica, sans-serif; font-size: medium; color: #454749;\"><b><br \/>\n<\/b><\/span><span style=\"font-family: tahoma, arial, helvetica, sans-serif; font-size: medium; color: #454749;\"><b><br \/>\n<\/b><\/span><span style=\"font-family: tahoma, arial, helvetica, sans-serif; font-size: medium; color: #2667ba;\"><b>Melhores Cruzeiros para o Brasil<br \/>\n<\/b><\/span><span style=\"color: #454749; font-family: tahoma, arial, helvetica, sans-serif; font-size: medium;\">Sem d\u00favida o inesquec\u00edvel cruzeiro por Fernando de Noronha e o do carnaval em Salvador. Sem menosprezar o charme de Macei\u00f3.<\/span><\/td>\n<\/tr>\n<\/tbody>\n<\/table>\n<p style=\"text-align: justify;\"><b style=\"font-size: medium;\"><br \/>\n<\/b><\/p>\n<p style=\"text-align: justify;\"><span style=\"font-family: tahoma, arial, helvetica, sans-serif; font-size: medium; color: #2667ba;\"><b style=\"font-size: medium;\">Mini cruzeiros nordeste<\/b><\/span><\/p>\n<p style=\"text-align: justify;\"><span style=\"font-family: tahoma, arial, helvetica, sans-serif; font-size: medium; color: #454749;\">De cinco dias com sa\u00edda de Recife ou Natal para Fernando de Noronha. Quando em Fernando o navio pernoita.<\/span><\/p>\n","protected":false},"excerpt":{"rendered":"<p>Pacote cruzeiros de 5 dias para Noronha, ou de 7 a mais dias saindo de Santos Trata-se de uma regi\u00e3o onde todo brasileiro deseja visitar\u00a0 mas fica sempre na d\u00favida de qual cidade escolher! E este \u00e9 o momento em que os cruzeiros nordeste &#8220;vestem como uma luva&#8221;, porque oferecem a possibilidade de conhecer entre [&hellip;]<\/p>\n","protected":false},"author":2,"featured_media":0,"parent":0,"menu_order":0,"comment_status":"open","ping_status":"open","template":"","meta":{"footnotes":""},"_links":{"self":[{"href":"https:\/\/bpcruzeiros.com\/novo\/wp-json\/wp\/v2\/pages\/125"}],"collection":[{"href":"https:\/\/bpcruzeiros.com\/novo\/wp-json\/wp\/v2\/pages"}],"about":[{"href":"https:\/\/bpcruzeiros.com\/novo\/wp-json\/wp\/v2\/types\/page"}],"author":[{"embeddable":true,"href":"https:\/\/bpcruzeiros.com\/novo\/wp-json\/wp\/v2\/users\/2"}],"replies":[{"embeddable":true,"href":"https:\/\/bpcruzeiros.com\/novo\/wp-json\/wp\/v2\/comments?post=125"}],"version-history":[{"count":0,"href":"https:\/\/bpcruzeiros.com\/novo\/wp-json\/wp\/v2\/pages\/125\/revisions"}],"wp:attachment":[{"href":"https:\/\/bpcruzeiros.com\/novo\/wp-json\/wp\/v2\/media?parent=125"}],"curies":[{"name":"wp","href":"https:\/\/api.w.org\/{rel}","templated":true}]}}